{"id":15361,"date":"2021-12-29T18:14:57","date_gmt":"2022-02-22T03:17:54","guid":{"rendered":"https:\/\/shop.kamaztrade.com\/?post_type=product&#038;p=15361"},"modified":"2022-02-22T06:17:54","modified_gmt":"2022-02-22T03:17:54","slug":"bong-den-a-24-21-3","status":"publish","type":"product","link":"https:\/\/shop.kamaztrade.com\/vi\/product\/bong-den-a-24-21-3\/","title":{"rendered":"B\u00f3ng \u0111\u00e8n \u0410-24-21-3"},"content":{"rendered":"<p>B\u00f3ng \u0111\u00e8n 21W<\/p>\n","protected":false},"excerpt":{"rendered":"<p>B\u00f3ng \u0111\u00e8n 21W<\/p>\n","protected":false},"featured_media":14430,"template":"","meta":[],"product_cat":[89],"product_tag":[],"acf":[],"_links":{"self":[{"href":"https:\/\/shop.kamaztrade.com\/vi\/wp-json\/wp\/v2\/product\/15361"}],"collection":[{"href":"https:\/\/shop.kamaztrade.com\/vi\/wp-json\/wp\/v2\/product"}],"about":[{"href":"https:\/\/shop.kamaztrade.com\/vi\/wp-json\/wp\/v2\/types\/product"}],"wp:featuredmedia":[{"embeddable":true,"href":"https:\/\/shop.kamaztrade.com\/vi\/wp-json\/wp\/v2\/media\/14430"}],"wp:attachment":[{"href":"https:\/\/shop.kamaztrade.com\/vi\/wp-json\/wp\/v2\/media?parent=15361"}],"wp:term":[{"taxonomy":"product_cat","embeddable":true,"href":"https:\/\/shop.kamaztrade.com\/vi\/wp-json\/wp\/v2\/product_cat?post=15361"},{"taxonomy":"product_tag","embeddable":true,"href":"https:\/\/shop.kamaztrade.com\/vi\/wp-json\/wp\/v2\/product_tag?post=15361"}],"curies":[{"name":"wp","href":"https:\/\/api.w.org\/{rel}","templated":true}]}}