{"id":15375,"date":"2020-11-25T23:39:31","date_gmt":"2020-11-25T20:39:31","guid":{"rendered":"https:\/\/shop.kamaztrade.com\/product\/may-phat-dien-6\/"},"modified":"2022-02-22T06:40:52","modified_gmt":"2022-02-22T03:40:52","slug":"may-phat-dien-6","status":"publish","type":"product","link":"https:\/\/shop.kamaztrade.com\/vi\/product\/may-phat-dien-6\/","title":{"rendered":"M\u00e1y ph\u00e1t \u0111i\u1ec7n"},"content":{"rendered":"<p>M\u00e1y ph\u00e1t \u0111i\u1ec7n<\/p>\n","protected":false},"excerpt":{"rendered":"<p>M\u00e1y ph\u00e1t \u0111i\u1ec7n<\/p>\n","protected":false},"featured_media":14480,"template":"","meta":[],"product_cat":[89],"product_tag":[],"acf":[],"_links":{"self":[{"href":"https:\/\/shop.kamaztrade.com\/vi\/wp-json\/wp\/v2\/product\/15375"}],"collection":[{"href":"https:\/\/shop.kamaztrade.com\/vi\/wp-json\/wp\/v2\/product"}],"about":[{"href":"https:\/\/shop.kamaztrade.com\/vi\/wp-json\/wp\/v2\/types\/product"}],"wp:featuredmedia":[{"embeddable":true,"href":"https:\/\/shop.kamaztrade.com\/vi\/wp-json\/wp\/v2\/media\/14480"}],"wp:attachment":[{"href":"https:\/\/shop.kamaztrade.com\/vi\/wp-json\/wp\/v2\/media?parent=15375"}],"wp:term":[{"taxonomy":"product_cat","embeddable":true,"href":"https:\/\/shop.kamaztrade.com\/vi\/wp-json\/wp\/v2\/product_cat?post=15375"},{"taxonomy":"product_tag","embeddable":true,"href":"https:\/\/shop.kamaztrade.com\/vi\/wp-json\/wp\/v2\/product_tag?post=15375"}],"curies":[{"name":"wp","href":"https:\/\/api.w.org\/{rel}","templated":true}]}}