{"id":15434,"date":"2022-01-05T15:32:27","date_gmt":"2022-02-22T07:17:04","guid":{"rendered":"https:\/\/shop.kamaztrade.com\/?post_type=product&#038;p=15434"},"modified":"2022-02-22T10:17:04","modified_gmt":"2022-02-22T07:17:04","slug":"den-suong-mu","status":"publish","type":"product","link":"https:\/\/shop.kamaztrade.com\/vi\/product\/den-suong-mu\/","title":{"rendered":"\u0110\u00e8n s\u01b0\u01a1ng m\u00f9"},"content":{"rendered":"<p>\u0110\u00e8n s\u01b0\u01a1ng m\u00f9 phi\u0301a tr\u01b0\u01a1\u0301c, 53229<\/p>\n","protected":false},"excerpt":{"rendered":"<p>\u0110\u00e8n s\u01b0\u01a1ng m\u00f9 phi\u0301a tr\u01b0\u01a1\u0301c, 53229<\/p>\n","protected":false},"featured_media":14710,"template":"","meta":[],"product_cat":[89],"product_tag":[],"acf":[],"_links":{"self":[{"href":"https:\/\/shop.kamaztrade.com\/vi\/wp-json\/wp\/v2\/product\/15434"}],"collection":[{"href":"https:\/\/shop.kamaztrade.com\/vi\/wp-json\/wp\/v2\/product"}],"about":[{"href":"https:\/\/shop.kamaztrade.com\/vi\/wp-json\/wp\/v2\/types\/product"}],"wp:featuredmedia":[{"embeddable":true,"href":"https:\/\/shop.kamaztrade.com\/vi\/wp-json\/wp\/v2\/media\/14710"}],"wp:attachment":[{"href":"https:\/\/shop.kamaztrade.com\/vi\/wp-json\/wp\/v2\/media?parent=15434"}],"wp:term":[{"taxonomy":"product_cat","embeddable":true,"href":"https:\/\/shop.kamaztrade.com\/vi\/wp-json\/wp\/v2\/product_cat?post=15434"},{"taxonomy":"product_tag","embeddable":true,"href":"https:\/\/shop.kamaztrade.com\/vi\/wp-json\/wp\/v2\/product_tag?post=15434"}],"curies":[{"name":"wp","href":"https:\/\/api.w.org\/{rel}","templated":true}]}}