{"id":15454,"date":"2021-08-18T11:25:20","date_gmt":"2022-02-23T02:33:47","guid":{"rendered":"https:\/\/shop.kamaztrade.com\/?post_type=product&#038;p=15454"},"modified":"2022-02-23T05:33:47","modified_gmt":"2022-02-23T02:33:47","slug":"den-sau-ben-hong","status":"publish","type":"product","link":"https:\/\/shop.kamaztrade.com\/vi\/product\/den-sau-ben-hong\/","title":{"rendered":"\u0110e\u0300n sau b\u00ean h\u00f4ng"},"content":{"rendered":"<p>\u0110e\u0300n sau b\u00ean h\u00f4ng<\/p>\n","protected":false},"excerpt":{"rendered":"<p>\u0110e\u0300n sau b\u00ean h\u00f4ng<\/p>\n","protected":false},"featured_media":10694,"template":"","meta":[],"product_cat":[89],"product_tag":[],"acf":[],"_links":{"self":[{"href":"https:\/\/shop.kamaztrade.com\/vi\/wp-json\/wp\/v2\/product\/15454"}],"collection":[{"href":"https:\/\/shop.kamaztrade.com\/vi\/wp-json\/wp\/v2\/product"}],"about":[{"href":"https:\/\/shop.kamaztrade.com\/vi\/wp-json\/wp\/v2\/types\/product"}],"wp:featuredmedia":[{"embeddable":true,"href":"https:\/\/shop.kamaztrade.com\/vi\/wp-json\/wp\/v2\/media\/10694"}],"wp:attachment":[{"href":"https:\/\/shop.kamaztrade.com\/vi\/wp-json\/wp\/v2\/media?parent=15454"}],"wp:term":[{"taxonomy":"product_cat","embeddable":true,"href":"https:\/\/shop.kamaztrade.com\/vi\/wp-json\/wp\/v2\/product_cat?post=15454"},{"taxonomy":"product_tag","embeddable":true,"href":"https:\/\/shop.kamaztrade.com\/vi\/wp-json\/wp\/v2\/product_tag?post=15454"}],"curies":[{"name":"wp","href":"https:\/\/api.w.org\/{rel}","templated":true}]}}