{"id":15533,"date":"2020-11-25T23:18:26","date_gmt":"2022-02-23T04:44:01","guid":{"rendered":"https:\/\/shop.kamaztrade.com\/?post_type=product&#038;p=15533"},"modified":"2022-02-23T07:44:01","modified_gmt":"2022-02-23T04:44:01","slug":"khop-noi-ly-hop-dien-tu-dan-dong-quat-lam-mat","status":"publish","type":"product","link":"https:\/\/shop.kamaztrade.com\/vi\/product\/khop-noi-ly-hop-dien-tu-dan-dong-quat-lam-mat\/","title":{"rendered":"Kh\u1edbp n\u1ed1i ly h\u1ee3p \u0111i\u1ec7n t\u1eeb d\u1eabn \u0111\u1ed9ng qu\u1ea1t l\u00e0m m\u00e1t"},"content":{"rendered":"<p>Kh\u1edbp n\u1ed1i ly h\u1ee3p \u0111i\u1ec7n t\u1eeb d\u1eabn \u0111\u1ed9ng qu\u1ea1t l\u00e0m m\u00e1t, v\u1eadt li\u1ec7u th\u00e9p, m\u00e0u v\u00e0ng, d\u00f9ng cho xe KAMAZ 53229<\/p>\n","protected":false},"excerpt":{"rendered":"<p>Kh\u1edbp n\u1ed1i ly h\u1ee3p \u0111i\u1ec7n t\u1eeb d\u1eabn \u0111\u1ed9ng qu\u1ea1t l\u00e0m m\u00e1t, v\u1eadt li\u1ec7u th\u00e9p, m\u00e0u v\u00e0ng, d\u00f9ng cho xe KAMAZ 53229<\/p>\n","protected":false},"featured_media":13761,"template":"","meta":[],"product_cat":[84],"product_tag":[],"acf":[],"_links":{"self":[{"href":"https:\/\/shop.kamaztrade.com\/vi\/wp-json\/wp\/v2\/product\/15533"}],"collection":[{"href":"https:\/\/shop.kamaztrade.com\/vi\/wp-json\/wp\/v2\/product"}],"about":[{"href":"https:\/\/shop.kamaztrade.com\/vi\/wp-json\/wp\/v2\/types\/product"}],"wp:featuredmedia":[{"embeddable":true,"href":"https:\/\/shop.kamaztrade.com\/vi\/wp-json\/wp\/v2\/media\/13761"}],"wp:attachment":[{"href":"https:\/\/shop.kamaztrade.com\/vi\/wp-json\/wp\/v2\/media?parent=15533"}],"wp:term":[{"taxonomy":"product_cat","embeddable":true,"href":"https:\/\/shop.kamaztrade.com\/vi\/wp-json\/wp\/v2\/product_cat?post=15533"},{"taxonomy":"product_tag","embeddable":true,"href":"https:\/\/shop.kamaztrade.com\/vi\/wp-json\/wp\/v2\/product_tag?post=15533"}],"curies":[{"name":"wp","href":"https:\/\/api.w.org\/{rel}","templated":true}]}}